{"id":1187,"date":"2016-12-08T15:13:12","date_gmt":"2016-12-08T18:13:12","guid":{"rendered":"http:\/\/turbiani.com\/wpturbiani\/?page_id=1187"},"modified":"2021-05-13T09:46:29","modified_gmt":"2021-05-13T12:46:29","slug":"workshop-online-de-naming","status":"publish","type":"page","link":"https:\/\/turbiani.com\/wpturbiani\/workshop-online-de-naming\/","title":{"rendered":"Workshop Online de Naming"},"content":{"rendered":"<h3 style=\"text-align: center;\"><span style=\"color: #808080; text-transform: uppercase;\"><strong>workshop de naming<\/strong><\/span><\/h3>\n<h1 style=\"text-align: center;\"><strong><span style=\"color: #00ccff;\">Fa\u00e7a\u00a0voc\u00ea mesmo o nome da sua empresa<\/span><\/strong><\/h1>\n<p style=\"text-align: center;\">[jw_button link=&#8217;https:\/\/www.eventbrite.com.br\/e\/workshop-online-de-naming-registration-98425490291?utm-medium=discovery&amp;utm-campaign=social&amp;utm-content=attendeeshare&amp;aff=escb&amp;utm-source=cp&amp;utm-term=listing&#8217; size=&#8217;medium&#8217; rounded=&#8217;false&#8217; style=&#8217;flat&#8217; hover=&#8217;hover2&#8242; color=&#8217;#000000&#8242; target=&#8217;_blank&#8217;]Me inscrever[\/jw_button]<\/p>\n<p style=\"text-align: center; padding-right: 10%; padding-left: 10%;\"><span style=\"color: #333333;\"><strong>O workshop de naming \u00e9 integralmente online, faremos 2\u00a0lives de 2 horas por semana, toda 3\u00aa e 5\u00aa, das 20h00 \u00e0s 22h00. As sess\u00f5es ser\u00e3o gravadas e disponibilizadas para os participantes que n\u00e3o puderem estar presentes.<\/strong><\/span><\/p>\n","protected":false},"excerpt":{"rendered":"<p>workshop de naming Fa\u00e7a\u00a0voc\u00ea mesmo o nome da sua empresa [jw_button link=&#8217;https:\/\/www.eventbrite.com.br\/e\/workshop-online-de-naming-registration-98425490291?utm-medium=discovery&amp;utm-campaign=social&amp;utm-content=attendeeshare&amp;aff=escb&amp;utm-source=cp&amp;utm-term=listing&#8217; size=&#8217;medium&#8217; rounded=&#8217;false&#8217; style=&#8217;flat&#8217; hover=&#8217;hover2&#8242; color=&#8217;#000000&#8242; target=&#8217;_blank&#8217;]Me inscrever[\/jw_button] O workshop de naming \u00e9 integralmente online, faremos 2\u00a0lives de 2 horas por semana, toda 3\u00aa e 5\u00aa, das 20h00 \u00e0s 22h00. As sess\u00f5es ser\u00e3o gravadas e disponibilizadas para os participantes que n\u00e3o puderem estar presentes.<\/p>\n","protected":false},"author":1,"featured_media":0,"parent":0,"menu_order":0,"comment_status":"closed","ping_status":"closed","template":"","meta":{"footnotes":""},"class_list":["post-1187","page","type-page","status-publish","hentry"],"yoast_head":"<!-- This site is optimized with the Yoast SEO plugin v25.3.1 - https:\/\/yoast.com\/wordpress\/plugins\/seo\/ -->\n<title>Workshop de Naming - crie o nome da sua empresa neste curso online<\/title>\n<meta name=\"description\" content=\"Este Workshop de Naming \u00e9 a sua chance para aumentar as possibilidades de criar um excelente nome para a sua empresa, com a certeza de ter um nome registr\u00e1vel e adequado ao seu neg\u00f3cio. Participe de qualquer lugar do Brasil, basta ter uma conex\u00e3o.\" \/>\n<meta name=\"robots\" content=\"index, follow, max-snippet:-1, max-image-preview:large, max-video-preview:-1\" \/>\n<link rel=\"canonical\" href=\"https:\/\/turbiani.com\/wpturbiani\/workshop-online-de-naming\/\" \/>\n<meta property=\"og:locale\" content=\"pt_BR\" \/>\n<meta property=\"og:type\" content=\"article\" \/>\n<meta property=\"og:title\" content=\"Workshop de Naming - crie o nome da sua empresa neste curso online\" \/>\n<meta property=\"og:description\" content=\"Este Workshop de Naming \u00e9 a sua chance para aumentar as possibilidades de criar um excelente nome para a sua empresa, com a certeza de ter um nome registr\u00e1vel e adequado ao seu neg\u00f3cio. Participe de qualquer lugar do Brasil, basta ter uma conex\u00e3o.\" \/>\n<meta property=\"og:url\" content=\"https:\/\/turbiani.com\/wpturbiani\/workshop-online-de-naming\/\" \/>\n<meta property=\"og:site_name\" content=\"Turbiani\" \/>\n<meta property=\"article:publisher\" content=\"https:\/\/www.facebook.com\/TurbianieCo\/\" \/>\n<meta property=\"article:modified_time\" content=\"2021-05-13T12:46:29+00:00\" \/>\n<meta name=\"twitter:card\" content=\"summary_large_image\" \/>\n<script type=\"application\/ld+json\" class=\"yoast-schema-graph\">{\"@context\":\"https:\/\/schema.org\",\"@graph\":[{\"@type\":\"WebPage\",\"@id\":\"https:\/\/turbiani.com\/wpturbiani\/workshop-online-de-naming\/\",\"url\":\"https:\/\/turbiani.com\/wpturbiani\/workshop-online-de-naming\/\",\"name\":\"Workshop de Naming - crie o nome da sua empresa neste curso online\",\"isPartOf\":{\"@id\":\"https:\/\/turbiani.com\/wpturbiani\/#website\"},\"datePublished\":\"2016-12-08T18:13:12+00:00\",\"dateModified\":\"2021-05-13T12:46:29+00:00\",\"description\":\"Este Workshop de Naming \u00e9 a sua chance para aumentar as possibilidades de criar um excelente nome para a sua empresa, com a certeza de ter um nome registr\u00e1vel e adequado ao seu neg\u00f3cio. Participe de qualquer lugar do Brasil, basta ter uma conex\u00e3o.\",\"breadcrumb\":{\"@id\":\"https:\/\/turbiani.com\/wpturbiani\/workshop-online-de-naming\/#breadcrumb\"},\"inLanguage\":\"pt-BR\",\"potentialAction\":[{\"@type\":\"ReadAction\",\"target\":[\"https:\/\/turbiani.com\/wpturbiani\/workshop-online-de-naming\/\"]}]},{\"@type\":\"BreadcrumbList\",\"@id\":\"https:\/\/turbiani.com\/wpturbiani\/workshop-online-de-naming\/#breadcrumb\",\"itemListElement\":[{\"@type\":\"ListItem\",\"position\":1,\"name\":\"In\u00edcio\",\"item\":\"https:\/\/turbiani.com\/wpturbiani\/\"},{\"@type\":\"ListItem\",\"position\":2,\"name\":\"Workshop Online de Naming\"}]},{\"@type\":\"WebSite\",\"@id\":\"https:\/\/turbiani.com\/wpturbiani\/#website\",\"url\":\"https:\/\/turbiani.com\/wpturbiani\/\",\"name\":\"Turbiani\",\"description\":\"Branding &amp; Design\",\"publisher\":{\"@id\":\"https:\/\/turbiani.com\/wpturbiani\/#organization\"},\"potentialAction\":[{\"@type\":\"SearchAction\",\"target\":{\"@type\":\"EntryPoint\",\"urlTemplate\":\"https:\/\/turbiani.com\/wpturbiani\/?s={search_term_string}\"},\"query-input\":{\"@type\":\"PropertyValueSpecification\",\"valueRequired\":true,\"valueName\":\"search_term_string\"}}],\"inLanguage\":\"pt-BR\"},{\"@type\":\"Organization\",\"@id\":\"https:\/\/turbiani.com\/wpturbiani\/#organization\",\"name\":\"Turbiani & Co :: Branding & Design\",\"url\":\"https:\/\/turbiani.com\/wpturbiani\/\",\"logo\":{\"@type\":\"ImageObject\",\"inLanguage\":\"pt-BR\",\"@id\":\"https:\/\/turbiani.com\/wpturbiani\/#\/schema\/logo\/image\/\",\"url\":\"https:\/\/turbiani.com\/wpturbiani\/wp-content\/uploads\/2025\/01\/Logo_Turbiani.png\",\"contentUrl\":\"https:\/\/turbiani.com\/wpturbiani\/wp-content\/uploads\/2025\/01\/Logo_Turbiani.png\",\"width\":276,\"height\":49,\"caption\":\"Turbiani & Co :: Branding & Design\"},\"image\":{\"@id\":\"https:\/\/turbiani.com\/wpturbiani\/#\/schema\/logo\/image\/\"},\"sameAs\":[\"https:\/\/www.facebook.com\/TurbianieCo\/\",\"https:\/\/www.instagram.com\/turbianieco\/\",\"https:\/\/www.youtube.com\/channel\/UC6pDEieGf83BbREKDBquCRQ\"]}]}<\/script>\n<!-- \/ Yoast SEO plugin. -->","yoast_head_json":{"title":"Workshop de Naming - crie o nome da sua empresa neste curso online","description":"Este Workshop de Naming \u00e9 a sua chance para aumentar as possibilidades de criar um excelente nome para a sua empresa, com a certeza de ter um nome registr\u00e1vel e adequado ao seu neg\u00f3cio. Participe de qualquer lugar do Brasil, basta ter uma conex\u00e3o.","robots":{"index":"index","follow":"follow","max-snippet":"max-snippet:-1","max-image-preview":"max-image-preview:large","max-video-preview":"max-video-preview:-1"},"canonical":"https:\/\/turbiani.com\/wpturbiani\/workshop-online-de-naming\/","og_locale":"pt_BR","og_type":"article","og_title":"Workshop de Naming - crie o nome da sua empresa neste curso online","og_description":"Este Workshop de Naming \u00e9 a sua chance para aumentar as possibilidades de criar um excelente nome para a sua empresa, com a certeza de ter um nome registr\u00e1vel e adequado ao seu neg\u00f3cio. Participe de qualquer lugar do Brasil, basta ter uma conex\u00e3o.","og_url":"https:\/\/turbiani.com\/wpturbiani\/workshop-online-de-naming\/","og_site_name":"Turbiani","article_publisher":"https:\/\/www.facebook.com\/TurbianieCo\/","article_modified_time":"2021-05-13T12:46:29+00:00","twitter_card":"summary_large_image","schema":{"@context":"https:\/\/schema.org","@graph":[{"@type":"WebPage","@id":"https:\/\/turbiani.com\/wpturbiani\/workshop-online-de-naming\/","url":"https:\/\/turbiani.com\/wpturbiani\/workshop-online-de-naming\/","name":"Workshop de Naming - crie o nome da sua empresa neste curso online","isPartOf":{"@id":"https:\/\/turbiani.com\/wpturbiani\/#website"},"datePublished":"2016-12-08T18:13:12+00:00","dateModified":"2021-05-13T12:46:29+00:00","description":"Este Workshop de Naming \u00e9 a sua chance para aumentar as possibilidades de criar um excelente nome para a sua empresa, com a certeza de ter um nome registr\u00e1vel e adequado ao seu neg\u00f3cio. Participe de qualquer lugar do Brasil, basta ter uma conex\u00e3o.","breadcrumb":{"@id":"https:\/\/turbiani.com\/wpturbiani\/workshop-online-de-naming\/#breadcrumb"},"inLanguage":"pt-BR","potentialAction":[{"@type":"ReadAction","target":["https:\/\/turbiani.com\/wpturbiani\/workshop-online-de-naming\/"]}]},{"@type":"BreadcrumbList","@id":"https:\/\/turbiani.com\/wpturbiani\/workshop-online-de-naming\/#breadcrumb","itemListElement":[{"@type":"ListItem","position":1,"name":"In\u00edcio","item":"https:\/\/turbiani.com\/wpturbiani\/"},{"@type":"ListItem","position":2,"name":"Workshop Online de Naming"}]},{"@type":"WebSite","@id":"https:\/\/turbiani.com\/wpturbiani\/#website","url":"https:\/\/turbiani.com\/wpturbiani\/","name":"Turbiani","description":"Branding &amp; Design","publisher":{"@id":"https:\/\/turbiani.com\/wpturbiani\/#organization"},"potentialAction":[{"@type":"SearchAction","target":{"@type":"EntryPoint","urlTemplate":"https:\/\/turbiani.com\/wpturbiani\/?s={search_term_string}"},"query-input":{"@type":"PropertyValueSpecification","valueRequired":true,"valueName":"search_term_string"}}],"inLanguage":"pt-BR"},{"@type":"Organization","@id":"https:\/\/turbiani.com\/wpturbiani\/#organization","name":"Turbiani & Co :: Branding & Design","url":"https:\/\/turbiani.com\/wpturbiani\/","logo":{"@type":"ImageObject","inLanguage":"pt-BR","@id":"https:\/\/turbiani.com\/wpturbiani\/#\/schema\/logo\/image\/","url":"https:\/\/turbiani.com\/wpturbiani\/wp-content\/uploads\/2025\/01\/Logo_Turbiani.png","contentUrl":"https:\/\/turbiani.com\/wpturbiani\/wp-content\/uploads\/2025\/01\/Logo_Turbiani.png","width":276,"height":49,"caption":"Turbiani & Co :: Branding & Design"},"image":{"@id":"https:\/\/turbiani.com\/wpturbiani\/#\/schema\/logo\/image\/"},"sameAs":["https:\/\/www.facebook.com\/TurbianieCo\/","https:\/\/www.instagram.com\/turbianieco\/","https:\/\/www.youtube.com\/channel\/UC6pDEieGf83BbREKDBquCRQ"]}]}},"_links":{"self":[{"href":"https:\/\/turbiani.com\/wpturbiani\/wp-json\/wp\/v2\/pages\/1187","targetHints":{"allow":["GET"]}}],"collection":[{"href":"https:\/\/turbiani.com\/wpturbiani\/wp-json\/wp\/v2\/pages"}],"about":[{"href":"https:\/\/turbiani.com\/wpturbiani\/wp-json\/wp\/v2\/types\/page"}],"author":[{"embeddable":true,"href":"https:\/\/turbiani.com\/wpturbiani\/wp-json\/wp\/v2\/users\/1"}],"replies":[{"embeddable":true,"href":"https:\/\/turbiani.com\/wpturbiani\/wp-json\/wp\/v2\/comments?post=1187"}],"version-history":[{"count":66,"href":"https:\/\/turbiani.com\/wpturbiani\/wp-json\/wp\/v2\/pages\/1187\/revisions"}],"predecessor-version":[{"id":1842,"href":"https:\/\/turbiani.com\/wpturbiani\/wp-json\/wp\/v2\/pages\/1187\/revisions\/1842"}],"wp:attachment":[{"href":"https:\/\/turbiani.com\/wpturbiani\/wp-json\/wp\/v2\/media?parent=1187"}],"curies":[{"name":"wp","href":"https:\/\/api.w.org\/{rel}","templated":true}]}}